{"id":64,"date":"2021-03-27T12:54:19","date_gmt":"2021-03-27T15:54:19","guid":{"rendered":"https:\/\/aldirblanccananeia.com.br\/?page_id=64"},"modified":"2021-04-21T11:52:33","modified_gmt":"2021-04-21T14:52:33","slug":"mutirao-pela-cultura-de-cananeia","status":"publish","type":"page","link":"https:\/\/aldirblanccananeia.com.br\/index.php\/mutirao-pela-cultura-de-cananeia\/","title":{"rendered":"MUTIR\u00c3O PELA CULTURA DE CANAN\u00c9IA"},"content":{"rendered":"\n<p class=\"has-large-font-size\"><span class=\"has-inline-color has-colibri-color-6-color\">O que \u00e9 mutir\u00e3o ?<\/span><\/p>\n\n\n\n<p><span class=\"has-inline-color has-colibri-color-6-color\">A palavra \u201cmutir\u00e3o \u00e9 utilizada para designar qualquer tipo de mobiliza\u00e7\u00e3o coletiva para executar uma ou mais tarefas baseadas na ajuda m\u00fatua prestada gratuitamente. Acredita-se que esta origina-se do termo Tupi \u201cmotyr\u00f5\u201d, que significa &#8220;trabalho em comum&#8221;. O mesmo termo tupi deu origem a diversas outras grafias, todas hoje em desuso (motir\u00e3o, muquir\u00e3o, mutirom, mutirum, mutri\u00e3o, muxir\u00e3, muxir\u00e3o, muxirom, pixurum, ponxir\u00e3o, puxir\u00e3o, putir\u00e3o, putirom, putirum, puxirum).<\/span><\/p>\n\n\n\n<p><span class=\"has-inline-color has-colibri-color-6-color\">Antigamente, as comunidades cai\u00e7aras promoviam e organizavam mutir\u00f5es para diversas atividades que necessitavam de participa\u00e7\u00e3o comunit\u00e1ria, como por exemplo, para o preparo da terra para o plantio ou para a colheita daquilo que se produziu ou ainda para fazer a \u201cvara\u00e7\u00e3o da canoa\u201d, ocasi\u00e3o em que a canoa artesanal era transportada do local onde foi constru\u00edda para um rio ou ainda para o s\u00edtio do mestre que a fez. Nesses momentos, a pessoa que chamou o mutir\u00e3o ofertada uma festa ao final do dia oferecendo boa comida e bebida associada a uma bela festa animada pelo fandango cai\u00e7ara.<\/span><\/p>\n\n\n\n<p><span class=\"has-inline-color has-colibri-color-6-color\">Pensando nessa pr\u00e1tica cultural que desenhamos o edital \u201cMutir\u00e3o pela Cultura de Cananeia\u201d, ou seja, buscamos convidar todas as pessoas, coletivos e organiza\u00e7\u00f5es para participar da mobiliza\u00e7\u00e3o que agora os reconheceu oficialmente como parte integrante (e importante) da cultura local.<\/span><\/p>\n\n\n\n<p class=\"has-large-font-size\"><span class=\"has-inline-color has-colibri-color-6-color\">O pr\u00eamio \u201cMutir\u00e3o pela Cultura de Cananeia\u201d<\/span><\/p>\n\n\n\n<p><span class=\"has-inline-color has-colibri-color-6-color\">O pr\u00eamio \u201cMutir\u00e3o pela Cultura de Cananeia\u201d foi criado de forma colaborativa e participativa envolvendo integrantes do \u201cConselho Municipal de Cultura\u201d e da Prefeitura Municipal que trabalham para a constru\u00e7\u00e3o de uma proposta que fosse a mais abrangente e democr\u00e1tica poss\u00edvel.<\/span><\/p>\n\n\n\n<p><span class=\"has-inline-color has-colibri-color-6-color\">O pr\u00eamio teve como principal objetivo ampliar e democratizar o acesso aos recursos financeiros da Lei Federal de Emerg\u00eancia Cultural &#8211; Lei Aldir Blanc- estabelecendo os fundamentos para o reconhecimento de agentes, coletivos e organiza\u00e7\u00f5es culturais por sua contribui\u00e7\u00e3o ao desenvolvimento da cultura local.<\/span><\/p>\n\n\n\n<p><span class=\"has-inline-color has-colibri-color-6-color\">Ao todo, foram apoiados XX projetos em diferentes \u00e1reas do segmento cultural, os quais poder\u00e3o ter seus resultados acessados nesta plataforma web.<\/span><\/p>\n","protected":false},"excerpt":{"rendered":"<p>O que \u00e9 mutir\u00e3o ? A palavra \u201cmutir\u00e3o \u00e9 utilizada para designar qualquer tipo de mobiliza\u00e7\u00e3o coletiva para executar uma ou mais tarefas baseadas na ajuda m\u00fatua prestada gratuitamente. Acredita-se que esta origina-se do termo Tupi \u201cmotyr\u00f5\u201d, que significa &#8220;trabalho em comum&#8221;. O mesmo termo tupi deu origem a diversas outras grafias, todas hoje em [&hellip;]<\/p>\n","protected":false},"author":1,"featured_media":0,"parent":0,"menu_order":0,"comment_status":"closed","ping_status":"closed","template":"","meta":{"footnotes":""},"class_list":["post-64","page","type-page","status-publish","hentry"],"_links":{"self":[{"href":"https:\/\/aldirblanccananeia.com.br\/index.php\/wp-json\/wp\/v2\/pages\/64","targetHints":{"allow":["GET"]}}],"collection":[{"href":"https:\/\/aldirblanccananeia.com.br\/index.php\/wp-json\/wp\/v2\/pages"}],"about":[{"href":"https:\/\/aldirblanccananeia.com.br\/index.php\/wp-json\/wp\/v2\/types\/page"}],"author":[{"embeddable":true,"href":"https:\/\/aldirblanccananeia.com.br\/index.php\/wp-json\/wp\/v2\/users\/1"}],"replies":[{"embeddable":true,"href":"https:\/\/aldirblanccananeia.com.br\/index.php\/wp-json\/wp\/v2\/comments?post=64"}],"version-history":[{"count":6,"href":"https:\/\/aldirblanccananeia.com.br\/index.php\/wp-json\/wp\/v2\/pages\/64\/revisions"}],"predecessor-version":[{"id":485,"href":"https:\/\/aldirblanccananeia.com.br\/index.php\/wp-json\/wp\/v2\/pages\/64\/revisions\/485"}],"wp:attachment":[{"href":"https:\/\/aldirblanccananeia.com.br\/index.php\/wp-json\/wp\/v2\/media?parent=64"}],"curies":[{"name":"wp","href":"https:\/\/api.w.org\/{rel}","templated":true}]}}