{"id":533,"date":"2021-04-21T13:03:44","date_gmt":"2021-04-21T16:03:44","guid":{"rendered":"https:\/\/aldirblanccananeia.com.br\/?page_id=533"},"modified":"2021-04-21T13:03:44","modified_gmt":"2021-04-21T16:03:44","slug":"cananeia","status":"publish","type":"page","link":"https:\/\/aldirblanccananeia.com.br\/index.php\/cananeia\/","title":{"rendered":"Cananeia"},"content":{"rendered":"\n<p><span class=\"has-inline-color has-colibri-color-6-color\">O munic\u00edpio de Cananeia est\u00e1 situado no extremo sul do Litoral Paulista, no centro de um corredor biol\u00f3gico de 110 km que se estende desde a foz do Rio Ribeira em Iguape (SP) at\u00e9 a ba\u00eda de Paranagu\u00e1 (PR).<\/span><\/p>\n\n\n\n<p><span class=\"has-inline-color has-colibri-color-6-color\">A cidade \u00e9 considerada um dos \u00faltimos remanescentes de Mata Atl\u00e2ntica intocada na costa brasileira e um dos maiores ber\u00e7\u00e1rios de vida marinha do planeta. Tamb\u00e9m \u00e9 considerada por alguns como a primeira vila ou cidade fundada pelos \u201ccolonizadores\u201d europeus que ocuparam o territ\u00f3rio a partir de 1500. O seu centro hist\u00f3rico ainda guarda marcas e preserva os estilos arquitet\u00f4nicos adotados pelas primeiras casas desde o per\u00edodo colonial.<\/span><\/p>\n\n\n\n<p><span class=\"has-inline-color has-colibri-color-6-color\">Os seus atrativos naturais atraem turistas ao longo de todo o ano, destacando-se o Parque Estadual da Ilha do Cardoso e as comunidades tradicionais que a habitam a s\u00e9culos.<\/span><\/p>\n\n\n\n<p><span class=\"has-inline-color has-colibri-color-6-color\">As festas comunit\u00e1rias, culin\u00e1ria tradicional e o artesanato local tamb\u00e9m s\u00e3o atrativos \u00e0 parte da cidade, cujas principais fontes de renda s\u00e3o a pesca e o turismo.<\/span><\/p>\n\n\n\n<p><span class=\"has-inline-color has-colibri-color-6-color\">Por aqui, vivem de forma integrada a natureza, comunidades tradicionais cai\u00e7aras, quilombolas, ribeirinhas e povos ind\u00edgenas, compondo uma rica e rara diversidade cultural pr\u00f3xima a grandes centros urbanos, como Curitiba (PR) e S\u00e3o Paulo (SP).<\/span><\/p>\n","protected":false},"excerpt":{"rendered":"<p>O munic\u00edpio de Cananeia est\u00e1 situado no extremo sul do Litoral Paulista, no centro de um corredor biol\u00f3gico de 110 km que se estende desde a foz do Rio Ribeira em Iguape (SP) at\u00e9 a ba\u00eda de Paranagu\u00e1 (PR). A cidade \u00e9 considerada um dos \u00faltimos remanescentes de Mata Atl\u00e2ntica intocada na costa brasileira e [&hellip;]<\/p>\n","protected":false},"author":1,"featured_media":0,"parent":0,"menu_order":0,"comment_status":"closed","ping_status":"closed","template":"","meta":{"footnotes":""},"class_list":["post-533","page","type-page","status-publish","hentry"],"_links":{"self":[{"href":"https:\/\/aldirblanccananeia.com.br\/index.php\/wp-json\/wp\/v2\/pages\/533","targetHints":{"allow":["GET"]}}],"collection":[{"href":"https:\/\/aldirblanccananeia.com.br\/index.php\/wp-json\/wp\/v2\/pages"}],"about":[{"href":"https:\/\/aldirblanccananeia.com.br\/index.php\/wp-json\/wp\/v2\/types\/page"}],"author":[{"embeddable":true,"href":"https:\/\/aldirblanccananeia.com.br\/index.php\/wp-json\/wp\/v2\/users\/1"}],"replies":[{"embeddable":true,"href":"https:\/\/aldirblanccananeia.com.br\/index.php\/wp-json\/wp\/v2\/comments?post=533"}],"version-history":[{"count":2,"href":"https:\/\/aldirblanccananeia.com.br\/index.php\/wp-json\/wp\/v2\/pages\/533\/revisions"}],"predecessor-version":[{"id":535,"href":"https:\/\/aldirblanccananeia.com.br\/index.php\/wp-json\/wp\/v2\/pages\/533\/revisions\/535"}],"wp:attachment":[{"href":"https:\/\/aldirblanccananeia.com.br\/index.php\/wp-json\/wp\/v2\/media?parent=533"}],"curies":[{"name":"wp","href":"https:\/\/api.w.org\/{rel}","templated":true}]}}